{"id":5474,"date":"2019-09-11T23:48:29","date_gmt":"2019-09-11T21:48:29","guid":{"rendered":"http:\/\/mtsokna.pl\/?page_id=5474"},"modified":"2024-04-10T21:12:54","modified_gmt":"2024-04-10T19:12:54","slug":"bramy","status":"publish","type":"page","link":"https:\/\/mts-chassis.be\/pl\/bramy\/","title":{"rendered":"Bramy"},"content":{"rendered":"<p>[vc_row first_background_type=&#8221;gradient&#8221; first_background_gradient=&#8221;#0a0a0a||#ffffff||0;100||180||linear&#8221;][vc_column][vc_custom_heading text=&#8221;Bramy&#8221; font_container=&#8221;tag:h1|text_align:left&#8221; google_fonts=&#8221;font_family:Lato%3A100%2C100italic%2C300%2C300italic%2Cregular%2Citalic%2C700%2C700italic%2C900%2C900italic|font_style:400%20regular%3A400%3Anormal&#8221; css_animation=&#8221;fadeIn&#8221;][vc_empty_space][\/vc_column][\/vc_row][vc_row][vc_column css_animation=&#8221;none&#8221; width=&#8221;3\/4&#8243;][vc_row_inner equal_height=&#8221;yes&#8221; content_placement=&#8221;middle&#8221;][vc_column_inner width=&#8221;1\/2&#8243;][vc_single_image image=&#8221;5777&#8243; img_size=&#8221;full&#8221; alignment=&#8221;center&#8221; css_animation=&#8221;fadeIn&#8221;][vc_single_image image=&#8221;5779&#8243; img_size=&#8221;full&#8221; alignment=&#8221;center&#8221; css_animation=&#8221;fadeIn&#8221;][\/vc_column_inner][vc_column_inner width=&#8221;1\/2&#8243;][vc_column_text css_animation=&#8221;fadeIn&#8221;]<\/p>\n<p style=\"font-size: 16px;\">Najcz\u0119\u015bciej wybieranym rozwi\u0105zaniem s\u0105 bramy segmentowe. Montowane wewn\u0105trz gara\u017cu pozwalaj\u0105 na maksymalne wykorzystanie przestrzeni, dzi\u0119ki temu, \u017ce w pozycji otwartej, brama znajduje si\u0119 poziomo pod stropem. Jej otwieranie i zamykanie nie oddzia\u0142uje na powierzchni\u0119 przed i w gara\u017cu.<\/p>\n<p>[\/vc_column_text][\/vc_column_inner][\/vc_row_inner][vc_single_image image=&#8221;5912&#8243; img_size=&#8221;full&#8221; alignment=&#8221;center&#8221; css_animation=&#8221;fadeIn&#8221;][\/vc_column][vc_column css_animation=&#8221;fadeIn&#8221; width=&#8221;1\/4&#8243; enable_sticky=&#8221;true&#8221; sticky_offset=&#8221;80&#8243;][vc_widget_sidebar sidebar_id=&#8221;shop-sidebar&#8221;][\/vc_column][\/vc_row]<\/p>\n","protected":false},"excerpt":{"rendered":"<p>[vc_row first_background_type=&#8221;gradient&#8221; first_background_gradient=&#8221;#0a0a0a||#ffffff||0;100||180||linear&#8221;][vc_column][vc_custom_heading text=&#8221;Bramy&#8221; font_container=&#8221;tag:h1|text_align:left&#8221; google_fonts=&#8221;font_family:Lato%3A100%2C100italic%2C300%2C300italic%2Cregular%2Citalic%2C700%2C700italic%2C900%2C900italic|font_style:400%20regular%3A400%3Anormal&#8221; css_animation=&#8221;fadeIn&#8221;][vc_empty_space][\/vc_column][\/vc_row][vc_row][vc_column css_animation=&#8221;none&#8221; width=&#8221;3\/4&#8243;][vc_row_inner equal_height=&#8221;yes&#8221; content_placement=&#8221;middle&#8221;][vc_column_inner width=&#8221;1\/2&#8243;][vc_single_image image=&#8221;5777&#8243; img_size=&#8221;full&#8221; alignment=&#8221;center&#8221; css_animation=&#8221;fadeIn&#8221;][vc_single_image image=&#8221;5779&#8243; img_size=&#8221;full&#8221; alignment=&#8221;center&#8221; css_animation=&#8221;fadeIn&#8221;][\/vc_column_inner][vc_column_inner width=&#8221;1\/2&#8243;][vc_column_text css_animation=&#8221;fadeIn&#8221;] Najcz\u0119\u015bciej wybieranym rozwi\u0105zaniem s\u0105 bramy segmentowe. Montowane wewn\u0105trz gara\u017cu pozwalaj\u0105 na maksymalne wykorzystanie przestrzeni, dzi\u0119ki temu, \u017ce w pozycji otwartej, brama znajduje si\u0119&#8230;<\/p>\n","protected":false},"author":1,"featured_media":0,"parent":0,"menu_order":0,"comment_status":"closed","ping_status":"closed","template":"","meta":{"footnotes":""},"_links":{"self":[{"href":"https:\/\/mts-chassis.be\/pl\/wp-json\/wp\/v2\/pages\/5474\/"}],"collection":[{"href":"https:\/\/mts-chassis.be\/pl\/wp-json\/wp\/v2\/pages\/"}],"about":[{"href":"https:\/\/mts-chassis.be\/pl\/wp-json\/wp\/v2\/types\/page\/"}],"author":[{"embeddable":true,"href":"https:\/\/mts-chassis.be\/pl\/wp-json\/wp\/v2\/users\/1\/"}],"replies":[{"embeddable":true,"href":"https:\/\/mts-chassis.be\/pl\/wp-json\/wp\/v2\/comments\/?post=5474"}],"version-history":[{"count":14,"href":"https:\/\/mts-chassis.be\/pl\/wp-json\/wp\/v2\/pages\/5474\/revisions\/"}],"predecessor-version":[{"id":7374,"href":"https:\/\/mts-chassis.be\/pl\/wp-json\/wp\/v2\/pages\/5474\/revisions\/7374\/"}],"wp:attachment":[{"href":"https:\/\/mts-chassis.be\/pl\/wp-json\/wp\/v2\/media\/?parent=5474"}],"curies":[{"name":"wp","href":"https:\/\/api.w.org\/{rel}","templated":true}]}}