{"id":5436,"date":"2019-09-11T22:52:54","date_gmt":"2019-09-11T20:52:54","guid":{"rendered":"http:\/\/mtsokna.pl\/?page_id=5436"},"modified":"2024-04-10T21:08:26","modified_gmt":"2024-04-10T19:08:26","slug":"okna","status":"publish","type":"page","link":"https:\/\/mts-chassis.be\/pl\/okna\/","title":{"rendered":"Okna"},"content":{"rendered":"<p>[vc_row first_background_type=&#8221;gradient&#8221; first_background_gradient=&#8221;#0a0a0a||#ffffff||0;100||180||linear&#8221;][vc_column][vc_custom_heading text=&#8221;Okna&#8221; font_container=&#8221;tag:h1|text_align:left&#8221; google_fonts=&#8221;font_family:Lato%3A100%2C100italic%2C300%2C300italic%2Cregular%2Citalic%2C700%2C700italic%2C900%2C900italic|font_style:400%20regular%3A400%3Anormal&#8221; css_animation=&#8221;fadeIn&#8221;][vc_empty_space][\/vc_column][\/vc_row][vc_row][vc_column css_animation=&#8221;fadeIn&#8221; width=&#8221;1\/4&#8243;][vc_column_text]<\/p>\n<p>Trudno okre\u015bli\u0107 jaki pocz\u0105tek mia\u0142y okna. Kiedy\u015b by\u0142y zwyk\u0142\u0105 dziur\u0105 w \u015bcianie, nast\u0119pnie owa dziura zas\u0142aniana by\u0142a lu\u017ano u\u0142o\u017conymi ga\u0142\u0119ziami czy tkanin\u0105. Dawa\u0142a dost\u0119p \u015bwiat\u0142a przy r\u00f3wnoczesnej ochronie przed czynnikami zewn\u0119trznymi.<br \/>\nWsp\u00f3\u0142czesne okna w budynku pe\u0142ni\u0105 funkcj\u0119 nie tylko daj\u0105c\u0105 \u015bwiat\u0142o, czy mo\u017cliwo\u015b\u0107 przewietrzania pomieszcze\u0144. Tworz\u0105 mi\u0142y dla oka walor estetyczny uatrakcyjniaj\u0105c elewacj\u0119 a zarazem zapewniaj\u0105 przytuln\u0105 ochron\u0119 na najwy\u017cszym poziomie.<br \/>\nOkna sk\u0142adaj\u0105 si\u0119 z ramy, skrzyd\u0142a oraz szyb. Wybieraj\u0105c stolark\u0119 nale\u017cy w pierwszej kolejno\u015bci ustali\u0107 spos\u00f3b otwierania si\u0119 okna. Drugim krokiem jest okre\u015blenie materia\u0142u (PCV, drewno, aluminium), by na ko\u0144cu dobra\u0107 szklenie.<\/p>\n<p>[\/vc_column_text][\/vc_column][vc_column css_animation=&#8221;fadeIn&#8221; width=&#8221;1\/2&#8243;][vc_single_image image=&#8221;5176&#8243; img_size=&#8221;full&#8221;][\/vc_column][vc_column width=&#8221;1\/4&#8243;][vc_widget_sidebar sidebar_id=&#8221;shop-sidebar&#8221;][\/vc_column][\/vc_row]<\/p>\n","protected":false},"excerpt":{"rendered":"<p>[vc_row first_background_type=&#8221;gradient&#8221; first_background_gradient=&#8221;#0a0a0a||#ffffff||0;100||180||linear&#8221;][vc_column][vc_custom_heading text=&#8221;Okna&#8221; font_container=&#8221;tag:h1|text_align:left&#8221; google_fonts=&#8221;font_family:Lato%3A100%2C100italic%2C300%2C300italic%2Cregular%2Citalic%2C700%2C700italic%2C900%2C900italic|font_style:400%20regular%3A400%3Anormal&#8221; css_animation=&#8221;fadeIn&#8221;][vc_empty_space][\/vc_column][\/vc_row][vc_row][vc_column css_animation=&#8221;fadeIn&#8221; width=&#8221;1\/4&#8243;][vc_column_text] Trudno okre\u015bli\u0107 jaki pocz\u0105tek mia\u0142y okna. Kiedy\u015b by\u0142y zwyk\u0142\u0105 dziur\u0105 w \u015bcianie, nast\u0119pnie owa dziura zas\u0142aniana by\u0142a lu\u017ano u\u0142o\u017conymi ga\u0142\u0119ziami czy tkanin\u0105. Dawa\u0142a dost\u0119p \u015bwiat\u0142a przy r\u00f3wnoczesnej ochronie przed czynnikami zewn\u0119trznymi. Wsp\u00f3\u0142czesne okna w budynku pe\u0142ni\u0105&#8230;<\/p>\n","protected":false},"author":1,"featured_media":0,"parent":0,"menu_order":0,"comment_status":"closed","ping_status":"closed","template":"","meta":{"footnotes":""},"_links":{"self":[{"href":"https:\/\/mts-chassis.be\/pl\/wp-json\/wp\/v2\/pages\/5436\/"}],"collection":[{"href":"https:\/\/mts-chassis.be\/pl\/wp-json\/wp\/v2\/pages\/"}],"about":[{"href":"https:\/\/mts-chassis.be\/pl\/wp-json\/wp\/v2\/types\/page\/"}],"author":[{"embeddable":true,"href":"https:\/\/mts-chassis.be\/pl\/wp-json\/wp\/v2\/users\/1\/"}],"replies":[{"embeddable":true,"href":"https:\/\/mts-chassis.be\/pl\/wp-json\/wp\/v2\/comments\/?post=5436"}],"version-history":[{"count":20,"href":"https:\/\/mts-chassis.be\/pl\/wp-json\/wp\/v2\/pages\/5436\/revisions\/"}],"predecessor-version":[{"id":7368,"href":"https:\/\/mts-chassis.be\/pl\/wp-json\/wp\/v2\/pages\/5436\/revisions\/7368\/"}],"wp:attachment":[{"href":"https:\/\/mts-chassis.be\/pl\/wp-json\/wp\/v2\/media\/?parent=5436"}],"curies":[{"name":"wp","href":"https:\/\/api.w.org\/{rel}","templated":true}]}}