{"id":4609,"date":"2019-07-15T10:57:17","date_gmt":"2019-07-15T08:57:17","guid":{"rendered":"https:\/\/mts.dotestu.com.pl\/?page_id=4609"},"modified":"2024-05-13T19:26:20","modified_gmt":"2024-05-13T17:26:20","slug":"kariera","status":"publish","type":"page","link":"https:\/\/mts-chassis.be\/pl\/kariera\/","title":{"rendered":"Kariera"},"content":{"rendered":"<p>[vc_row css=&#8221;.vc_custom_1563181447305{padding-bottom: 50px !important;}&#8221;][vc_column][vc_custom_heading text=&#8221;Kariera&#8221; font_container=&#8221;tag:h1|text_align:left&#8221; google_fonts=&#8221;font_family:Lato%3A100%2C100italic%2C300%2C300italic%2Cregular%2Citalic%2C700%2C700italic%2C900%2C900italic|font_style:400%20regular%3A400%3Anormal&#8221; css_animation=&#8221;fadeInLeft&#8221;][\/vc_column][\/vc_row][vc_row][vc_column width=&#8221;1\/6&#8243;][\/vc_column][vc_column width=&#8221;2\/3&#8243;][vc_custom_heading text=&#8221;Monta\u017cysta okien&#8221; css_animation=&#8221;fadeInUp&#8221;][vc_column_text css_animation=&#8221;fadeInUp&#8221;]<\/p>\n<p class=\"p1\"><span class=\"s1\">CV prosimy kierowa\u0107 na adres mailowy <a href=\"mailto:mtsfirm@gmail.com\"><span class=\"s2\">mtsfirm@gmail.com<\/span><\/a> w tytule wpisuj\u0105c \u201epraca\u201d. Przes\u0142anie do nas zg\u0142oszenia jest to\u017csame z wyra\u017ceniem zgody na przetwarzanie danych zawartych w aplikacji oraz potwierdzeniem zapoznania si\u0119 z klauzul\u0105 informacyjn\u0105 dotycz\u0105c\u0105 przetwarzania Pana\/ Pani danych osobowych.<\/span><\/p>\n<p>[\/vc_column_text][vc_btn title=&#8221;Aplikuj&#8221; style=&#8221;outline&#8221; shape=&#8221;square&#8221; color=&#8221;black&#8221; size=&#8221;lg&#8221; align=&#8221;center&#8221; css_animation=&#8221;fadeInUp&#8221; link=&#8221;url:mailto%3Amtsfirm%40gmail.com||target:%20_blank|&#8221;][vc_separator color=&#8221;black&#8221; css_animation=&#8221;fadeInLeftBig&#8221;][vc_empty_space][vc_custom_heading text=&#8221;Klauzula informacyjna&#8221; font_container=&#8221;tag:h2|text_align:center&#8221; css_animation=&#8221;fadeInUp&#8221; link=&#8221;url:%2Fwp-content%2Fuploads%2F2024%2F05%2FKlauzula-infromacyjna-pl.pdf|||&#8221;][vc_custom_heading text=&#8221;Zgoda na przetwarzanie danych RODO&#8221; font_container=&#8221;tag:h2|text_align:center&#8221; css_animation=&#8221;fadeInUp&#8221; link=&#8221;url:%2Fwp-content%2Fuploads%2F2024%2F05%2FZgoda-na-przetwarzanie-danych-RODO.pdf|||&#8221;][\/vc_column][vc_column width=&#8221;1\/6&#8243;][\/vc_column][\/vc_row]<\/p>\n","protected":false},"excerpt":{"rendered":"<p>[vc_row css=&#8221;.vc_custom_1563181447305{padding-bottom: 50px !important;}&#8221;][vc_column][vc_custom_heading text=&#8221;Kariera&#8221; font_container=&#8221;tag:h1|text_align:left&#8221; google_fonts=&#8221;font_family:Lato%3A100%2C100italic%2C300%2C300italic%2Cregular%2Citalic%2C700%2C700italic%2C900%2C900italic|font_style:400%20regular%3A400%3Anormal&#8221; css_animation=&#8221;fadeInLeft&#8221;][\/vc_column][\/vc_row][vc_row][vc_column width=&#8221;1\/6&#8243;][\/vc_column][vc_column width=&#8221;2\/3&#8243;][vc_custom_heading text=&#8221;Monta\u017cysta okien&#8221; css_animation=&#8221;fadeInUp&#8221;][vc_column_text css_animation=&#8221;fadeInUp&#8221;] CV prosimy kierowa\u0107 na adres mailowy mtsfirm@gmail.com w tytule wpisuj\u0105c \u201epraca\u201d. Przes\u0142anie do nas zg\u0142oszenia jest to\u017csame z wyra\u017ceniem zgody na przetwarzanie danych zawartych w aplikacji oraz potwierdzeniem zapoznania si\u0119 z&#8230;<\/p>\n","protected":false},"author":1,"featured_media":0,"parent":0,"menu_order":0,"comment_status":"closed","ping_status":"closed","template":"","meta":{"footnotes":""},"_links":{"self":[{"href":"https:\/\/mts-chassis.be\/pl\/wp-json\/wp\/v2\/pages\/4609\/"}],"collection":[{"href":"https:\/\/mts-chassis.be\/pl\/wp-json\/wp\/v2\/pages\/"}],"about":[{"href":"https:\/\/mts-chassis.be\/pl\/wp-json\/wp\/v2\/types\/page\/"}],"author":[{"embeddable":true,"href":"https:\/\/mts-chassis.be\/pl\/wp-json\/wp\/v2\/users\/1\/"}],"replies":[{"embeddable":true,"href":"https:\/\/mts-chassis.be\/pl\/wp-json\/wp\/v2\/comments\/?post=4609"}],"version-history":[{"count":10,"href":"https:\/\/mts-chassis.be\/pl\/wp-json\/wp\/v2\/pages\/4609\/revisions\/"}],"predecessor-version":[{"id":7464,"href":"https:\/\/mts-chassis.be\/pl\/wp-json\/wp\/v2\/pages\/4609\/revisions\/7464\/"}],"wp:attachment":[{"href":"https:\/\/mts-chassis.be\/pl\/wp-json\/wp\/v2\/media\/?parent=4609"}],"curies":[{"name":"wp","href":"https:\/\/api.w.org\/{rel}","templated":true}]}}