{"id":4579,"date":"2019-07-15T10:20:11","date_gmt":"2019-07-15T08:20:11","guid":{"rendered":"https:\/\/mts.dotestu.com.pl\/?page_id=4579"},"modified":"2020-07-08T16:58:25","modified_gmt":"2020-07-08T14:58:25","slug":"produkty","status":"publish","type":"page","link":"https:\/\/mts-chassis.be\/pl\/produkty\/","title":{"rendered":"Produkty"},"content":{"rendered":"<p>[vc_row first_background_type=&#8221;gradient&#8221; first_background_gradient=&#8221;#000000||#ffffff||0;100||180||linear&#8221; css=&#8221;.vc_custom_1568238009965{padding-bottom: 50px !important;}&#8221;][vc_column][vc_custom_heading text=&#8221;Kategorie produkt\u00f3w MTS Okna&#8221; font_container=&#8221;tag:h1|text_align:left&#8221; google_fonts=&#8221;font_family:Lato%3A100%2C100italic%2C300%2C300italic%2Cregular%2Citalic%2C700%2C700italic%2C900%2C900italic|font_style:400%20regular%3A400%3Anormal&#8221; css_animation=&#8221;fadeInLeft&#8221;][\/vc_column][\/vc_row][vc_row css_animation=&#8221;fadeIn&#8221;][vc_column width=&#8221;1\/3&#8243;]<div id=\"banner-8394\" class=\"banner  banner-type-1 align-center responsive-fonts valign-middle cursor-pointer\" onclick=\"window.location='\/pl\/okna'\"><img loading=\"lazy\" decoding=\"async\" class=\"\" src=\"https:\/\/mts-chassis.be\/wp-content\/uploads\/2019\/09\/kategoria-okna-360x360.jpg\" width=\"360\" height=\"360\" alt=\"kategoria okna\" title=\"kategoria okna\" \/><div class=\"banner-content \"><h3 style=\"color: #ffffff;font-family:Lato;font-weight:300;font-style:normal\" class=\"vc_custom_heading banner-subtitle\" id=\"font_family:Lato%3A100%2C100italic%2C300%2C300italic%2Cregular%2Citalic%2C700%2C700italic%2C900%2C900italic|font_style:300%20light%20regular%3A300%3Anormal\">Sprawd\u017a nasz\u0105 ofert\u0119<\/h3><h2 style=\"color: #ffffff;font-family:Lato;font-weight:900;font-style:normal\" class=\"vc_custom_heading banner-title\" id=\"font_family:Lato%3A100%2C100italic%2C300%2C300italic%2Cregular%2Citalic%2C700%2C700italic%2C900%2C900italic|font_style:900%20bold%20regular%3A900%3Anormal\">Okna<\/h2><div class=\"content-inner\"><\/div><\/div><\/div><style type=\"text\/css\">#banner-8394 {background-color: #000000;}#banner-8394 img {opacity: 0.7;}#banner-8394:hover img {opacity: 1;}<\/style>[\/vc_column][vc_column width=&#8221;1\/3&#8243;]<div id=\"banner-7872\" class=\"banner  banner-type-1 align-center responsive-fonts valign-middle cursor-pointer\" onclick=\"window.location='\/pl\/drzwi\/'\"><img loading=\"lazy\" decoding=\"async\" class=\"\" src=\"https:\/\/mts-chassis.be\/wp-content\/uploads\/2019\/09\/kategoria-drzwi-360x360.jpg\" width=\"360\" height=\"360\" alt=\"cof\" title=\"cof\" \/><div class=\"banner-content \"><h3 style=\"color: #ffffff;font-family:Lato;font-weight:300;font-style:normal\" class=\"vc_custom_heading banner-subtitle\" id=\"font_family:Lato%3A100%2C100italic%2C300%2C300italic%2Cregular%2Citalic%2C700%2C700italic%2C900%2C900italic|font_style:300%20light%20regular%3A300%3Anormal\">Sprawd\u017a nasz\u0105 ofert\u0119<\/h3><h2 style=\"color: #ffffff;font-family:Lato;font-weight:900;font-style:normal\" class=\"vc_custom_heading banner-title\" id=\"font_family:Lato%3A100%2C100italic%2C300%2C300italic%2Cregular%2Citalic%2C700%2C700italic%2C900%2C900italic|font_style:900%20bold%20regular%3A900%3Anormal\">Drzwi<\/h2><div class=\"content-inner\"><\/div><\/div><\/div><style type=\"text\/css\">#banner-7872 {background-color: #000000;}#banner-7872 img {opacity: 0.7;}#banner-7872:hover img {opacity: 1;}<\/style>[\/vc_column][vc_column width=&#8221;1\/3&#8243;]<div id=\"banner-6170\" class=\"banner  banner-type-1 align-center responsive-fonts valign-middle cursor-pointer\" onclick=\"window.location='\/pl\/bramy\/'\"><img loading=\"lazy\" decoding=\"async\" class=\"\" src=\"https:\/\/mts-chassis.be\/wp-content\/uploads\/2019\/09\/kategoria-bramy-e1572430368636-360x360.jpg\" width=\"360\" height=\"360\" alt=\"kategoria bramy\" title=\"kategoria bramy\" \/><div class=\"banner-content \"><h3 style=\"color: #ffffff;font-family:Lato;font-weight:300;font-style:normal\" class=\"vc_custom_heading banner-subtitle\" id=\"font_family:Lato%3A100%2C100italic%2C300%2C300italic%2Cregular%2Citalic%2C700%2C700italic%2C900%2C900italic|font_style:300%20light%20regular%3A300%3Anormal\">Sprawd\u017a nasz\u0105 ofert\u0119<\/h3><h2 style=\"color: #ffffff;font-family:Lato;font-weight:900;font-style:normal\" class=\"vc_custom_heading banner-title\" id=\"font_family:Lato%3A100%2C100italic%2C300%2C300italic%2Cregular%2Citalic%2C700%2C700italic%2C900%2C900italic|font_style:900%20bold%20regular%3A900%3Anormal\">Bramy<\/h2><div class=\"content-inner\"><\/div><\/div><\/div><style type=\"text\/css\">#banner-6170 {background-color: #000000;}#banner-6170 img {opacity: 0.7;}#banner-6170:hover img {opacity: 1;}<\/style>[\/vc_column][\/vc_row][vc_row css_animation=&#8221;fadeIn&#8221;][vc_column width=&#8221;1\/3&#8243;]<div id=\"banner-8785\" class=\"banner  banner-type-1 align-center responsive-fonts valign-middle cursor-pointer\" onclick=\"window.location='\/pl\/rolety\/'\"><img loading=\"lazy\" decoding=\"async\" class=\"\" src=\"https:\/\/mts-chassis.be\/wp-content\/uploads\/2019\/09\/kategoria-rolety-360x360.jpg\" width=\"360\" height=\"360\" alt=\"kategoria rolety\" title=\"kategoria rolety\" \/><div class=\"banner-content \"><h3 style=\"color: #ffffff;font-family:Lato;font-weight:300;font-style:normal\" class=\"vc_custom_heading banner-subtitle\" id=\"font_family:Lato%3A100%2C100italic%2C300%2C300italic%2Cregular%2Citalic%2C700%2C700italic%2C900%2C900italic|font_style:300%20light%20regular%3A300%3Anormal\">Sprawd\u017a nasz\u0105 ofert\u0119<\/h3><h2 style=\"color: #ffffff;font-family:Lato;font-weight:900;font-style:normal\" class=\"vc_custom_heading banner-title\" id=\"font_family:Lato%3A100%2C100italic%2C300%2C300italic%2Cregular%2Citalic%2C700%2C700italic%2C900%2C900italic|font_style:900%20bold%20regular%3A900%3Anormal\">Rolety<\/h2><div class=\"content-inner\"><\/div><\/div><\/div><style type=\"text\/css\">#banner-8785 {background-color: #000000;}#banner-8785 img {opacity: 0.7;}#banner-8785:hover img {opacity: 1;}<\/style>[\/vc_column][vc_column width=&#8221;1\/3&#8243;]<div id=\"banner-2912\" class=\"banner  banner-type-1 align-center responsive-fonts valign-middle cursor-pointer\" onclick=\"window.location='\/pl\/szklane-barierki\/'\"><img loading=\"lazy\" decoding=\"async\" class=\"\" src=\"https:\/\/mts-chassis.be\/wp-content\/uploads\/2019\/09\/barierka-360x360.jpg\" width=\"360\" height=\"360\" alt=\"barierka\" title=\"barierka\" \/><div class=\"banner-content \"><h3 style=\"color: #ffffff;font-family:Lato;font-weight:300;font-style:normal\" class=\"vc_custom_heading banner-subtitle\" id=\"font_family:Lato%3A100%2C100italic%2C300%2C300italic%2Cregular%2Citalic%2C700%2C700italic%2C900%2C900italic|font_style:300%20light%20regular%3A300%3Anormal\">Sprawd\u017a nasz\u0105 ofert\u0119<\/h3><h2 style=\"color: #ffffff;font-family:Lato;font-weight:900;font-style:normal\" class=\"vc_custom_heading banner-title\" id=\"font_family:Lato%3A100%2C100italic%2C300%2C300italic%2Cregular%2Citalic%2C700%2C700italic%2C900%2C900italic|font_style:900%20bold%20regular%3A900%3Anormal\">Barierki szklane<\/h2><div class=\"content-inner\"><\/div><\/div><\/div><style type=\"text\/css\">#banner-2912 {background-color: #000000;}#banner-2912 img {opacity: 0.7;}#banner-2912:hover img {opacity: 1;}<\/style>[\/vc_column][vc_column width=&#8221;1\/3&#8243;]<div id=\"banner-6165\" class=\"banner  banner-type-1 align-center responsive-fonts valign-middle cursor-pointer\" onclick=\"window.location='\/pl\/drzwi-industrialne\/'\"><img loading=\"lazy\" decoding=\"async\" class=\"\" src=\"https:\/\/mts-chassis.be\/wp-content\/uploads\/2019\/09\/drzwi-industr-kategorai-e1569836976893-360x360.jpg\" width=\"360\" height=\"360\" alt=\"drzwi industr kategorai\" title=\"drzwi industr kategorai\" \/><div class=\"banner-content \"><h3 style=\"color: #ffffff;font-family:Lato;font-weight:300;font-style:normal\" class=\"vc_custom_heading banner-subtitle\" id=\"font_family:Lato%3A100%2C100italic%2C300%2C300italic%2Cregular%2Citalic%2C700%2C700italic%2C900%2C900italic|font_style:300%20light%20regular%3A300%3Anormal\">Sprawd\u017a nasz\u0105 ofert\u0119<\/h3><h2 style=\"color: #ffffff;font-family:Lato;font-weight:900;font-style:normal\" class=\"vc_custom_heading banner-title\" id=\"font_family:Lato%3A100%2C100italic%2C300%2C300italic%2Cregular%2Citalic%2C700%2C700italic%2C900%2C900italic|font_style:900%20bold%20regular%3A900%3Anormal\">Drzwi Industrialne<\/h2><div class=\"content-inner\"><\/div><\/div><\/div><style type=\"text\/css\">#banner-6165 {background-color: #000000;}#banner-6165 img {opacity: 0.7;}#banner-6165:hover img {opacity: 1;}<\/style>[\/vc_column][\/vc_row]<\/p>\n","protected":false},"excerpt":{"rendered":"<p>[vc_row first_background_type=&#8221;gradient&#8221; first_background_gradient=&#8221;#000000||#ffffff||0;100||180||linear&#8221; css=&#8221;.vc_custom_1568238009965{padding-bottom: 50px !important;}&#8221;][vc_column][vc_custom_heading text=&#8221;Kategorie produkt\u00f3w MTS Okna&#8221; font_container=&#8221;tag:h1|text_align:left&#8221; google_fonts=&#8221;font_family:Lato%3A100%2C100italic%2C300%2C300italic%2Cregular%2Citalic%2C700%2C700italic%2C900%2C900italic|font_style:400%20regular%3A400%3Anormal&#8221; css_animation=&#8221;fadeInLeft&#8221;][\/vc_column][\/vc_row][vc_row css_animation=&#8221;fadeIn&#8221;][vc_column width=&#8221;1\/3&#8243;][\/vc_column][vc_column width=&#8221;1\/3&#8243;][\/vc_column][vc_column width=&#8221;1\/3&#8243;][\/vc_column][\/vc_row][vc_row css_animation=&#8221;fadeIn&#8221;][vc_column width=&#8221;1\/3&#8243;][\/vc_column][vc_column width=&#8221;1\/3&#8243;][\/vc_column][vc_column width=&#8221;1\/3&#8243;][\/vc_column][\/vc_row]<\/p>\n","protected":false},"author":1,"featured_media":0,"parent":0,"menu_order":0,"comment_status":"closed","ping_status":"closed","template":"","meta":{"footnotes":""},"_links":{"self":[{"href":"https:\/\/mts-chassis.be\/pl\/wp-json\/wp\/v2\/pages\/4579\/"}],"collection":[{"href":"https:\/\/mts-chassis.be\/pl\/wp-json\/wp\/v2\/pages\/"}],"about":[{"href":"https:\/\/mts-chassis.be\/pl\/wp-json\/wp\/v2\/types\/page\/"}],"author":[{"embeddable":true,"href":"https:\/\/mts-chassis.be\/pl\/wp-json\/wp\/v2\/users\/1\/"}],"replies":[{"embeddable":true,"href":"https:\/\/mts-chassis.be\/pl\/wp-json\/wp\/v2\/comments\/?post=4579"}],"version-history":[{"count":36,"href":"https:\/\/mts-chassis.be\/pl\/wp-json\/wp\/v2\/pages\/4579\/revisions\/"}],"predecessor-version":[{"id":7090,"href":"https:\/\/mts-chassis.be\/pl\/wp-json\/wp\/v2\/pages\/4579\/revisions\/7090\/"}],"wp:attachment":[{"href":"https:\/\/mts-chassis.be\/pl\/wp-json\/wp\/v2\/media\/?parent=4579"}],"curies":[{"name":"wp","href":"https:\/\/api.w.org\/{rel}","templated":true}]}}