{"id":6968,"date":"2019-09-17T23:35:05","date_gmt":"2019-09-17T21:35:05","guid":{"rendered":"http:\/\/mtsokna.pl\/windows\/drewniane\/"},"modified":"2019-12-12T01:08:16","modified_gmt":"2019-12-12T00:08:16","slug":"wooden","status":"publish","type":"page","link":"https:\/\/mts-chassis.be\/en\/windows\/wooden\/","title":{"rendered":"Wooden"},"content":{"rendered":"<p>[vc_row first_background_type=&#8221;gradient&#8221; first_background_gradient=&#8221;#0a0a0a||#ffffff||0;100||180||linear&#8221;][vc_column][vc_custom_heading text=&#8221;Windows &#8211; wooden&#8221; font_container=&#8221;tag:h1|text_align:left&#8221; google_fonts=&#8221;font_family:Lato%3A100%2C100italic%2C300%2C300italic%2Cregular%2Citalic%2C700%2C700italic%2C900%2C900italic|font_style:400%20regular%3A400%3Anormal&#8221; css_animation=&#8221;fadeIn&#8221;][vc_empty_space][\/vc_column][\/vc_row][vc_row disable_element=&#8221;yes&#8221;][vc_column css_animation=&#8221;fadeIn&#8221; width=&#8221;1\/4&#8243;][vc_single_image image=&#8221;5534&#8243; img_size=&#8221;full&#8221; css_animation=&#8221;fadeIn&#8221;][vc_single_image image=&#8221;5536&#8243; img_size=&#8221;full&#8221; alignment=&#8221;center&#8221; css_animation=&#8221;fadeIn&#8221;][\/vc_column][vc_column css_animation=&#8221;fadeIn&#8221; width=&#8221;1\/2&#8243;][vc_column_text]<\/p>\n<div class=\"gmail_default\" style=\"text-align: center;\">\n<p><strong>MB-45 jest nowoczesnym systemem aluminiowym, s\u0142u\u017c\u0105cym do wykonywania nie wymagaj\u0105cych izolacji termicznej element\u00f3w architektonicznej zabudowy wewn\u0119trznej i zewn\u0119trznej, np.: r\u00f3\u017cnych typ\u00f3w \u015bcianek dzia\u0142owych, okien, drzwi, w tym drzwi przesuwanych r\u0119cznie i automatycznie, drzwi wahad\u0142owych, wiatro\u0142ap\u00f3w, witryn, boks\u00f3w kasowych, gablot, konstrukcji przestrzennych.<\/strong><\/p>\n<p>G\u0142\u0119boko\u015b\u0107 konstrukcyjna kszta\u0142townik\u00f3w okna wynosi: 45 mm (o\u015bcie\u017cnica), 54 mm (skrzyd\u0142o), a drzwi odpowiednio: 45 mm i 45 mm. Takie przyj\u0119te g\u0142\u0119boko\u015bci kszta\u0142townik\u00f3w skrzyd\u0142a i o\u015bcie\u017cnicy daj\u0105 efekt jednej p\u0142aszczyzny od strony zewn\u0119trznej po zamkni\u0119ciu &#8211; w przypadku okna i efekt zlicowanych powierzchni skrzyde\u0142 i o\u015bcie\u017cnicy &#8211; w przypadku drzwi. Kszta\u0142t profili pozwala uzyska\u0107 smuk\u0142e i wytrzyma\u0142e konstrukcje okien i drzwi. Istotnym walorem systemu MB-45 jest mo\u017cliwo\u015b\u0107 gi\u0119cia profili, m.in. o\u015bcie\u017cnic, skrzyde\u0142 i przewi\u0105zek, co umo\u017cliwia wykonanie r\u00f3\u017cnego rodzaju \u0142uk\u00f3w oraz konstrukcji \u0142ukowych.<\/p>\n<p>Szczelno\u015b\u0107 zapewniona jest dzi\u0119ki stosowaniu specjalnych uszczelek z kauczuku syntetycznego EPDM, kt\u00f3ry gwarantuje odporno\u015b\u0107 na starzenie podczas wieloletniej eksploatacji. Cech\u0105 charakterystyczn\u0105 systemu jest jego \u015bcis\u0142e powi\u0105zanie z systemami okienno-drzwiowymi MB-60 i MB-70. Uniwersalno\u015b\u0107 i atrakcyjno\u015b\u0107 systemu dodatkowo zwi\u0119ksza mo\u017cliwo\u015b\u0107 dokonania wyboru pomi\u0119dzy kilkoma wariantami rozwi\u0105za\u0144, w przypadku r\u00f3\u017cnych szczeg\u00f3\u0142\u00f3w konstrukcyjnych, np. uszczelnienia dolnego skrzyde\u0142 drzwi, uszczelnie\u0144 drzwi przesuwanych i wahad\u0142owych, kszta\u0142tu listew przyszybowych, kszta\u0142tu i wysoko\u015bci prog\u00f3w drzwiowych. System pozwala na stosowanie zestaw\u00f3w szybowych grubo\u015bci od 2 mm do 35 mm w skrzyd\u0142ach okien oraz od 2 mm do 26 mm w oknach sta\u0142ych i skrzyd\u0142ach drzwi. System MB-45 jest tak\u017ce podstaw\u0105 do rozwi\u0105za\u0144 specjalnych: przegr\u00f3d i drzwi dymoszczelnych MB-45D (w klasie S30) oraz drzwi tzw. \u201ewr\u0119bowych\u201d MB-45S<\/p>\n<p>Do pobrania ulotka reklamowa: MB-45 Ulotka<\/p>\n<\/div>\n<p>[\/vc_column_text][\/vc_column][vc_column css_animation=&#8221;fadeIn&#8221; width=&#8221;1\/4&#8243;][vc_widget_sidebar sidebar_id=&#8221;shop-sidebar&#8221;][\/vc_column][\/vc_row][vc_row][vc_column css_animation=&#8221;fadeIn&#8221; width=&#8221;1\/4&#8243;][vc_single_image image=&#8221;5670&#8243; img_size=&#8221;full&#8221; alignment=&#8221;center&#8221; css_animation=&#8221;fadeIn&#8221;][vc_single_image image=&#8221;5882&#8243; img_size=&#8221;full&#8221; alignment=&#8221;center&#8221; css_animation=&#8221;fadeIn&#8221;][\/vc_column][vc_column css_animation=&#8221;fadeIn&#8221; width=&#8221;1\/2&#8243;][vc_column_text css_animation=&#8221;fadeIn&#8221;]<\/p>\n<div class=\"gmail_default\" style=\"text-align: center;\">\n<p><span style=\"font-family: Arial, serif;\"><span style=\"font-size: medium;\">Wooden windows are the perfect choice for those of you who appreciate the elegance, nobility and naturalness of the material. They are made from carefully selected pine, moabi, meranit or oak wood, and laminated. Technological processing of the wood according to restrictive European standards guarantees a product of inimitable quality. We offer windows in the Euroline Belgia and Renovation systems, which reconstruct old decorations, thanks to which the building\u2019s facade does not lose any of its appeal, and the building gains wind tightness, watertightness, sound insulation and safety.<\/span><\/span><\/p>\n<p>Wood is stained in over a dozen natural colors depending on the customer&#8217;s preferences, then coated with environment-friendly, water-resistant lacquers, with colors based on the RAL palette<\/p>\n<\/div>\n<p>[\/vc_column_text][vc_empty_space][vc_column_text css_animation=&#8221;fadeIn&#8221;]<\/p>\n<h3 style=\"text-align: center;\">Stains for Meranti wood windows:<\/h3>\n<p>[\/vc_column_text][vc_single_image image=&#8221;5676&#8243; img_size=&#8221;full&#8221; alignment=&#8221;center&#8221; css_animation=&#8221;fadeIn&#8221;][\/vc_column][vc_column css_animation=&#8221;fadeIn&#8221; width=&#8221;1\/4&#8243; enable_sticky=&#8221;true&#8221; sticky_offset=&#8221;80&#8243;][vc_widget_sidebar sidebar_id=&#8221;shop-sidebar&#8221;][vc_single_image image=&#8221;5884&#8243; img_size=&#8221;full&#8221; alignment=&#8221;center&#8221; css_animation=&#8221;fadeIn&#8221;][\/vc_column][\/vc_row]<\/p>\n","protected":false},"excerpt":{"rendered":"<p>[vc_row first_background_type=&#8221;gradient&#8221; first_background_gradient=&#8221;#0a0a0a||#ffffff||0;100||180||linear&#8221;][vc_column][vc_custom_heading text=&#8221;Windows &#8211; wooden&#8221; font_container=&#8221;tag:h1|text_align:left&#8221; google_fonts=&#8221;font_family:Lato%3A100%2C100italic%2C300%2C300italic%2Cregular%2Citalic%2C700%2C700italic%2C900%2C900italic|font_style:400%20regular%3A400%3Anormal&#8221; css_animation=&#8221;fadeIn&#8221;][vc_empty_space][\/vc_column][\/vc_row][vc_row disable_element=&#8221;yes&#8221;][vc_column css_animation=&#8221;fadeIn&#8221; width=&#8221;1\/4&#8243;][vc_single_image image=&#8221;5534&#8243; img_size=&#8221;full&#8221; css_animation=&#8221;fadeIn&#8221;][vc_single_image image=&#8221;5536&#8243; img_size=&#8221;full&#8221; alignment=&#8221;center&#8221; css_animation=&#8221;fadeIn&#8221;][\/vc_column][vc_column css_animation=&#8221;fadeIn&#8221; width=&#8221;1\/2&#8243;][vc_column_text] MB-45 jest nowoczesnym systemem aluminiowym, s\u0142u\u017c\u0105cym do wykonywania nie wymagaj\u0105cych izolacji termicznej element\u00f3w architektonicznej zabudowy wewn\u0119trznej i zewn\u0119trznej, np.: r\u00f3\u017cnych typ\u00f3w \u015bcianek dzia\u0142owych, okien,&#8230;<\/p>\n","protected":false},"author":1,"featured_media":0,"parent":6961,"menu_order":0,"comment_status":"closed","ping_status":"closed","template":"","meta":{"footnotes":""},"_links":{"self":[{"href":"https:\/\/mts-chassis.be\/en\/wp-json\/wp\/v2\/pages\/6968\/"}],"collection":[{"href":"https:\/\/mts-chassis.be\/en\/wp-json\/wp\/v2\/pages\/"}],"about":[{"href":"https:\/\/mts-chassis.be\/en\/wp-json\/wp\/v2\/types\/page\/"}],"author":[{"embeddable":true,"href":"https:\/\/mts-chassis.be\/en\/wp-json\/wp\/v2\/users\/1\/"}],"replies":[{"embeddable":true,"href":"https:\/\/mts-chassis.be\/en\/wp-json\/wp\/v2\/comments\/?post=6968"}],"version-history":[{"count":2,"href":"https:\/\/mts-chassis.be\/en\/wp-json\/wp\/v2\/pages\/6968\/revisions\/"}],"predecessor-version":[{"id":6970,"href":"https:\/\/mts-chassis.be\/en\/wp-json\/wp\/v2\/pages\/6968\/revisions\/6970\/"}],"up":[{"embeddable":true,"href":"https:\/\/mts-chassis.be\/en\/wp-json\/wp\/v2\/pages\/6961\/"}],"wp:attachment":[{"href":"https:\/\/mts-chassis.be\/en\/wp-json\/wp\/v2\/media\/?parent=6968"}],"curies":[{"name":"wp","href":"https:\/\/api.w.org\/{rel}","templated":true}]}}